{"id":194,"date":"2020-08-14T01:32:55","date_gmt":"2020-08-13T18:32:55","guid":{"rendered":"http:\/\/itan.vn\/?page_id=194"},"modified":"2020-08-14T01:32:55","modified_gmt":"2020-08-13T18:32:55","slug":"tin-tuc","status":"publish","type":"page","link":"http:\/\/itan.vn\/index.php\/tin-tuc\/","title":{"rendered":"Tin t\u1ee9c"},"content":{"rendered":"<p>[et_pb_section fb_built=&#8221;1&#8243; fullwidth=&#8221;on&#8221; admin_label=&#8221;Hero Section&#8221; _builder_version=&#8221;4.0.9&#8243; background_image=&#8221;http:\/\/itan.vn\/wp-content\/uploads\/2020\/08\/job_recruitement_14.jpg&#8221; parallax=&#8221;on&#8221; custom_padding=&#8221;|||&#8221; filter_hue_rotate=&#8221;300deg&#8221;][et_pb_fullwidth_header title=&#8221;C\u1eadp nh\u1eadt tin t\u1ee9c th\u01b0\u1eddng xuy\u00ean&#8221; subhead=&#8221;N\u00e2ng t\u1ea7m chuy\u00ean m\u00f4n, hi\u1ec7u qu\u1ea3 doanh nghi\u1ec7p&#8221; button_one_text=&#8221;Subscribe&#8221; content_max_width=&#8221;900px&#8221; _builder_version=&#8221;4.0.9&#8243; title_font=&#8221;Roboto|600|||||||&#8221; title_font_size=&#8221;18px&#8221; title_letter_spacing=&#8221;4px&#8221; title_line_height=&#8221;1.8em&#8221; content_font=&#8221;||||||||&#8221; subhead_font=&#8221;Roboto|700|||||||&#8221; subhead_font_size=&#8221;36px&#8221; subhead_line_height=&#8221;1.4em&#8221; background_color=&#8221;rgba(126,190,197,0)&#8221; use_background_color_gradient=&#8221;on&#8221; background_color_gradient_start=&#8221;#000dff&#8221; background_color_gradient_end=&#8221;rgba(0,13,255,0.7)&#8221; background_color_gradient_direction=&#8221;90deg&#8221; background_color_gradient_start_position=&#8221;25%&#8221; background_color_gradient_end_position=&#8221;75%&#8221; background_color_gradient_overlays_image=&#8221;on&#8221; custom_button_one=&#8221;on&#8221; button_one_text_size=&#8221;14px&#8221; button_one_bg_color=&#8221;#29cb8b&#8221; button_one_border_width=&#8221;12px&#8221; button_one_border_color=&#8221;#29cb8b&#8221; button_one_letter_spacing=&#8221;2px&#8221; button_one_font=&#8221;Poppins|600||on|||||&#8221; button_one_icon=&#8221;%%3%%&#8221; custom_button_two=&#8221;on&#8221; button_two_text_size=&#8221;14px&#8221; button_two_text_color=&#8221;#29cb8b&#8221; button_two_bg_color=&#8221;#ffffff&#8221; button_two_border_width=&#8221;12px&#8221; button_two_border_color=&#8221;#ffffff&#8221; button_two_letter_spacing=&#8221;2px&#8221; button_two_font=&#8221;Poppins|600||on|||||&#8221; button_two_icon=&#8221;%%3%%&#8221; min_height=&#8221;289px&#8221; custom_margin=&#8221;||16px|||&#8221; custom_padding=&#8221;39px||0vw|||&#8221; content_font_size_last_edited=&#8221;off|desktop&#8221; subhead_font_size_tablet=&#8221;40px&#8221; subhead_font_size_phone=&#8221;30px&#8221; subhead_font_size_last_edited=&#8221;on|desktop&#8221; button_one_letter_spacing_hover=&#8221;2px&#8221; button_two_letter_spacing_hover=&#8221;2px&#8221; button_one_text_size__hover_enabled=&#8221;off&#8221; button_two_text_size__hover_enabled=&#8221;off&#8221; button_one_text_color__hover_enabled=&#8221;off&#8221; button_two_text_color__hover_enabled=&#8221;off&#8221; button_one_border_width__hover_enabled=&#8221;off&#8221; button_two_border_width__hover_enabled=&#8221;off&#8221; button_one_border_color__hover_enabled=&#8221;off&#8221; button_two_border_color__hover_enabled=&#8221;off&#8221; button_one_border_radius__hover_enabled=&#8221;off&#8221; button_two_border_radius__hover_enabled=&#8221;off&#8221; button_one_letter_spacing__hover_enabled=&#8221;on&#8221; button_one_letter_spacing__hover=&#8221;2px&#8221; button_two_letter_spacing__hover_enabled=&#8221;on&#8221; button_two_letter_spacing__hover=&#8221;2px&#8221; button_one_bg_color__hover_enabled=&#8221;off&#8221; button_two_bg_color__hover_enabled=&#8221;off&#8221;][\/et_pb_fullwidth_header][\/et_pb_section][et_pb_section fb_built=&#8221;1&#8243; admin_label=&#8221;Blog Section&#8221; _builder_version=&#8221;3.22&#8243; custom_padding=&#8221;10px||5px||false|false&#8221;][et_pb_row _builder_version=&#8221;3.25&#8243;][et_pb_column type=&#8221;4_4&#8243; _builder_version=&#8221;3.25&#8243; custom_padding=&#8221;|||&#8221; custom_padding__hover=&#8221;|||&#8221;][et_pb_blog fullwidth=&#8221;off&#8221; posts_number=&#8221;9&#8243; include_categories=&#8221;65&#8243; show_categories=&#8221;off&#8221; _builder_version=&#8221;3.3.1&#8243; header_font=&#8221;Raleway|700|||||||&#8221; header_font_size=&#8221;16px&#8221; header_line_height=&#8221;1.4em&#8221; body_font=&#8221;Poppins||||||||&#8221; body_line_height=&#8221;1.8em&#8221; meta_font=&#8221;Poppins||||||||&#8221; meta_text_color=&#8221;#9e9e9e&#8221; pagination_font=&#8221;Raleway|700|||||||&#8221; pagination_text_color=&#8221;#000dff&#8221; pagination_font_size=&#8221;15px&#8221; border_radii=&#8221;on|3px|3px|3px|3px&#8221; border_width_all=&#8221;0px&#8221; box_shadow_style=&#8221;preset1&#8243; box_shadow_vertical=&#8221;7px&#8221; box_shadow_blur=&#8221;25px&#8221; box_shadow_color=&#8221;rgba(0,0,0,0.05)&#8221;][\/et_pb_blog][\/et_pb_column][\/et_pb_row][\/et_pb_section][et_pb_section fb_built=&#8221;1&#8243; custom_padding_last_edited=&#8221;off|desktop&#8221; admin_label=&#8221;About Section&#8221; _builder_version=&#8221;4.0.9&#8243; background_color=&#8221;#0c71c3&#8243; max_width=&#8221;96%&#8221; module_alignment=&#8221;right&#8221; custom_margin=&#8221;||100px|&#8221; custom_padding=&#8221;3vw||0||false|false&#8221; custom_padding_tablet=&#8221;||120px|&#8221;][et_pb_row _builder_version=&#8221;3.25&#8243; custom_padding=&#8221;0|0px|25.5625px|0px|false|false&#8221;][et_pb_column type=&#8221;4_4&#8243; _builder_version=&#8221;3.25&#8243; custom_padding=&#8221;|||&#8221; custom_padding__hover=&#8221;|||&#8221;][et_pb_contact_form title=&#8221;\u0110\u0103ng k\u00fd nh\u1eadn th\u00f4ng tin t\u1ea1p ch\u00ed, ebook m\u1edbi nh\u1ea5t t\u1eeb ITAN&#8221; custom_message=&#8221;H\u1ecd &#038; T\u00ean: %%Name%%||et_pb_line_break_holder||Ch\u1ee9c v\u1ee5: %%Chucvu%%||et_pb_line_break_holder||C\u00f4ng ty: %%Company%%||et_pb_line_break_holder||S\u1ed1 \u0111i\u1ec7n tho\u1ea1i: %%SDT%%||et_pb_line_break_holder||Email: %%Email%%||et_pb_line_break_holder||&#8221; success_message=&#8221;\u0110\u0103ng k\u00fd th\u00e0nh c\u00f4ng&#8221; _builder_version=&#8221;4.0.9&#8243; title_font=&#8221;Roboto|||on|||||&#8221; title_text_color=&#8221;#ffffff&#8221; title_font_size=&#8221;26px&#8221; title_letter_spacing=&#8221;2px&#8221; title_line_height=&#8221;1.1em&#8221; captcha_text_color=&#8221;#ffffff&#8221; hover_enabled=&#8221;0&#8243;][et_pb_contact_field field_id=&#8221;Name&#8221; field_title=&#8221;Name&#8221; _builder_version=&#8221;3.16&#8243; button_text_size__hover_enabled=&#8221;off&#8221; button_one_text_size__hover_enabled=&#8221;off&#8221; button_two_text_size__hover_enabled=&#8221;off&#8221; button_text_color__hover_enabled=&#8221;off&#8221; button_one_text_color__hover_enabled=&#8221;off&#8221; button_two_text_color__hover_enabled=&#8221;off&#8221; button_border_width__hover_enabled=&#8221;off&#8221; button_one_border_width__hover_enabled=&#8221;off&#8221; button_two_border_width__hover_enabled=&#8221;off&#8221; button_border_color__hover_enabled=&#8221;off&#8221; button_one_border_color__hover_enabled=&#8221;off&#8221; button_two_border_color__hover_enabled=&#8221;off&#8221; button_border_radius__hover_enabled=&#8221;off&#8221; button_one_border_radius__hover_enabled=&#8221;off&#8221; button_two_border_radius__hover_enabled=&#8221;off&#8221; button_letter_spacing__hover_enabled=&#8221;off&#8221; button_one_letter_spacing__hover_enabled=&#8221;off&#8221; button_two_letter_spacing__hover_enabled=&#8221;off&#8221; button_bg_color__hover_enabled=&#8221;off&#8221; button_one_bg_color__hover_enabled=&#8221;off&#8221; button_two_bg_color__hover_enabled=&#8221;off&#8221;][\/et_pb_contact_field][et_pb_contact_field field_id=&#8221;SDT&#8221; field_title=&#8221;S\u1ed1 \u0111i\u1ec7n tho\u1ea1i&#8221; _builder_version=&#8221;4.0.9&#8243;][\/et_pb_contact_field][et_pb_contact_field field_id=&#8221;Email&#8221; field_title=&#8221;Email Address&#8221; field_type=&#8221;email&#8221; fullwidth_field=&#8221;on&#8221; _builder_version=&#8221;4.0.9&#8243; button_text_size__hover_enabled=&#8221;off&#8221; button_one_text_size__hover_enabled=&#8221;off&#8221; button_two_text_size__hover_enabled=&#8221;off&#8221; button_text_color__hover_enabled=&#8221;off&#8221; button_one_text_color__hover_enabled=&#8221;off&#8221; button_two_text_color__hover_enabled=&#8221;off&#8221; button_border_width__hover_enabled=&#8221;off&#8221; button_one_border_width__hover_enabled=&#8221;off&#8221; button_two_border_width__hover_enabled=&#8221;off&#8221; button_border_color__hover_enabled=&#8221;off&#8221; button_one_border_color__hover_enabled=&#8221;off&#8221; button_two_border_color__hover_enabled=&#8221;off&#8221; button_border_radius__hover_enabled=&#8221;off&#8221; button_one_border_radius__hover_enabled=&#8221;off&#8221; button_two_border_radius__hover_enabled=&#8221;off&#8221; button_letter_spacing__hover_enabled=&#8221;off&#8221; button_one_letter_spacing__hover_enabled=&#8221;off&#8221; button_two_letter_spacing__hover_enabled=&#8221;off&#8221; button_bg_color__hover_enabled=&#8221;off&#8221; button_one_bg_color__hover_enabled=&#8221;off&#8221; button_two_bg_color__hover_enabled=&#8221;off&#8221;][\/et_pb_contact_field][et_pb_contact_field field_id=&#8221;Chucvu&#8221; field_title=&#8221;Ch\u1ee9c v\u1ee5&#8221; fullwidth_field=&#8221;on&#8221; _builder_version=&#8221;4.0.9&#8243;][\/et_pb_contact_field][et_pb_contact_field field_id=&#8221;Company&#8221; field_title=&#8221;C\u00f4ng ty&#8221; fullwidth_field=&#8221;on&#8221; _builder_version=&#8221;4.0.9&#8243;][\/et_pb_contact_field][\/et_pb_contact_form][\/et_pb_column][\/et_pb_row][et_pb_row _builder_version=&#8221;3.25&#8243; width=&#8221;100%&#8221; max_width=&#8221;100%&#8221; custom_margin=&#8221;-0.6%|auto||auto||&#8221; custom_padding=&#8221;0|0px||0px|false|false&#8221; use_custom_width=&#8221;on&#8221; width_unit=&#8221;off&#8221; custom_width_percent=&#8221;100%&#8221;][et_pb_column type=&#8221;4_4&#8243; _builder_version=&#8221;3.25&#8243; custom_padding=&#8221;|||&#8221; custom_padding__hover=&#8221;|||&#8221;][et_pb_text _builder_version=&#8221;3.27.4&#8243; text_font=&#8221;Raleway|800|||||||&#8221; text_font_size=&#8221;18vw&#8221; text_line_height=&#8221;0.8em&#8221; header_font=&#8221;||||||||&#8221; background_layout=&#8221;dark&#8221; custom_margin=&#8221;||-5.5vw|&#8221; custom_margin_tablet=&#8221;&#8221; custom_margin_phone=&#8221;||-8vw|&#8221; custom_margin_last_edited=&#8221;on|desktop&#8221; animation_style=&#8221;slide&#8221; animation_direction=&#8221;bottom&#8221; animation_intensity_slide=&#8221;10%&#8221; animation_starting_opacity=&#8221;100%&#8221; text_font_size_tablet=&#8221;&#8221; text_font_size_phone=&#8221;&#8221; text_font_size_last_edited=&#8221;on|tablet&#8221; min_height=&#8221;166px&#8221;]<\/p>\n<p>Subscribe<\/p>\n<p>[\/et_pb_text][\/et_pb_column][\/et_pb_row][\/et_pb_section][et_pb_section fb_built=&#8221;1&#8243; admin_label=&#8221;Footer&#8221; _builder_version=&#8221;3.22&#8243; custom_padding=&#8221;60px||60px||true|false&#8221; saved_tabs=&#8221;all&#8221;][et_pb_row column_structure=&#8221;1_2,1_2&#8243; _builder_version=&#8221;3.25&#8243;][et_pb_column type=&#8221;1_2&#8243; _builder_version=&#8221;3.25&#8243; custom_padding=&#8221;|||&#8221; custom_padding__hover=&#8221;|||&#8221;][et_pb_image src=&#8221;http:\/\/itan.vn\/wp-content\/uploads\/2019\/12\/logo_itan_1.png&#8221; _builder_version=&#8221;4.0.9&#8243; custom_margin=&#8221;||15px|&#8221; always_center_on_mobile=&#8221;off&#8221;][\/et_pb_image][\/et_pb_column][et_pb_column type=&#8221;1_2&#8243; _builder_version=&#8221;3.25&#8243; custom_padding=&#8221;|||&#8221; custom_padding__hover=&#8221;|||&#8221;][et_pb_social_media_follow _builder_version=&#8221;4.0.9&#8243; text_orientation=&#8221;right&#8221; border_radii=&#8221;on|50px|50px|50px|50px&#8221; border_width_all=&#8221;5px&#8221;][et_pb_social_media_follow_network social_network=&#8221;facebook&#8221; _builder_version=&#8221;4.0.9&#8243; background_color=&#8221;#0c71c3&#8243; background_enable_color=&#8221;on&#8221; border_width_all=&#8221;12px&#8221; border_color_all=&#8221;rgba(0,0,0,0)&#8221; follow_button=&#8221;off&#8221; url_new_window=&#8221;on&#8221;]facebook[\/et_pb_social_media_follow_network][et_pb_social_media_follow_network social_network=&#8221;twitter&#8221; _builder_version=&#8221;4.0.9&#8243; background_color=&#8221;#0c71c3&#8243; background_enable_color=&#8221;on&#8221; border_width_all=&#8221;12px&#8221; border_color_all=&#8221;rgba(0,0,0,0)&#8221; follow_button=&#8221;off&#8221; url_new_window=&#8221;on&#8221;]twitter[\/et_pb_social_media_follow_network][et_pb_social_media_follow_network social_network=&#8221;youtube&#8221; _builder_version=&#8221;4.0.9&#8243; background_color=&#8221;#0c71c3&#8243; background_enable_color=&#8221;on&#8221; border_width_all=&#8221;12px&#8221; border_color_all=&#8221;rgba(0,0,0,0)&#8221; follow_button=&#8221;off&#8221; url_new_window=&#8221;on&#8221;]youtube[\/et_pb_social_media_follow_network][et_pb_social_media_follow_network social_network=&#8221;linkedin&#8221; _builder_version=&#8221;4.0.9&#8243; background_color=&#8221;#0c71c3&#8243; background_enable_color=&#8221;on&#8221; border_width_all=&#8221;12px&#8221; border_color_all=&#8221;rgba(0,0,0,0)&#8221; follow_button=&#8221;off&#8221; url_new_window=&#8221;on&#8221;]linkedin[\/et_pb_social_media_follow_network][\/et_pb_social_media_follow][\/et_pb_column][\/et_pb_row][et_pb_row column_structure=&#8221;1_4,1_4,1_2&#8243; _builder_version=&#8221;3.25&#8243;][et_pb_column type=&#8221;1_4&#8243; _builder_version=&#8221;3.25&#8243; custom_padding=&#8221;|||&#8221; custom_padding__hover=&#8221;|||&#8221;][et_pb_text _builder_version=&#8221;3.27.4&#8243; header_font=&#8221;||||||||&#8221; header_4_font=&#8221;Raleway|700|||||||&#8221; header_4_font_size=&#8221;22px&#8221; header_4_line_height=&#8221;1.4em&#8221; custom_margin=&#8221;||10px|&#8221;]<\/p>\n<h4>Office<\/h4>\n<p>[\/et_pb_text][et_pb_text _builder_version=&#8221;4.0.9&#8243; text_font=&#8221;Roboto||||||||&#8221; text_line_height=&#8221;1.6em&#8221;]<\/p>\n<p>384 ph\u1ea1m v\u0103n \u0111\u1ed3ng, ph\u01b0\u1eddng 11, qu\u1eadn b\u00ecnh th\u1ea1nh, tphcm<\/p>\n<p>[\/et_pb_text][\/et_pb_column][et_pb_column type=&#8221;1_4&#8243; _builder_version=&#8221;3.25&#8243; custom_padding=&#8221;|||&#8221; custom_padding__hover=&#8221;|||&#8221;][et_pb_text _builder_version=&#8221;3.27.4&#8243; header_font=&#8221;||||||||&#8221; header_4_font=&#8221;Raleway|700|||||||&#8221; header_4_font_size=&#8221;22px&#8221; header_4_line_height=&#8221;1.4em&#8221; custom_margin=&#8221;||10px|&#8221;]<\/p>\n<h4>Contact Us<\/h4>\n<p>[\/et_pb_text][et_pb_text ul_type=&#8221;none&#8221; ul_item_indent=&#8221;1px&#8221; _builder_version=&#8221;4.0.9&#8243; text_font=&#8221;Roboto||||||||&#8221; ul_font=&#8221;Poppins||||||||&#8221; ul_font_size=&#8221;16px&#8221; ul_line_height=&#8221;2em&#8221; header_font_size=&#8221;36px&#8221;]<\/p>\n<p>longnguyen@alokaka.com<br \/> 028 999 888 68<\/p>\n<p>[\/et_pb_text][\/et_pb_column][et_pb_column type=&#8221;1_2&#8243; _builder_version=&#8221;3.25&#8243; custom_padding=&#8221;|||&#8221; custom_padding__hover=&#8221;|||&#8221;][et_pb_contact_form title=&#8221;Li\u00ean h\u1ec7 t\u01b0 v\u1ea5n&#8221; _builder_version=&#8221;4.0.9&#8243; title_font=&#8221;|700|||||||&#8221; title_font_size=&#8221;24px&#8221; hover_enabled=&#8221;0&#8243; custom_message=&#8221;H\u1ecd &#038; T\u00ean: %%Name%%||et_pb_line_break_holder||Ch\u1ee9c v\u1ee5: %%Chucvu%%||et_pb_line_break_holder||C\u00f4ng ty: %%Company%%||et_pb_line_break_holder||S\u1ed1 \u0111i\u1ec7n tho\u1ea1i: %%SDT%%||et_pb_line_break_holder||Email: %%Email%%||et_pb_line_break_holder||&#8221; email=&#8221;ndnlong2512@gmail.com&#8221;][et_pb_contact_field field_id=&#8221;Name&#8221; field_title=&#8221;Name&#8221; _builder_version=&#8221;3.16&#8243; button_text_size__hover_enabled=&#8221;off&#8221; button_one_text_size__hover_enabled=&#8221;off&#8221; button_two_text_size__hover_enabled=&#8221;off&#8221; button_text_color__hover_enabled=&#8221;off&#8221; button_one_text_color__hover_enabled=&#8221;off&#8221; button_two_text_color__hover_enabled=&#8221;off&#8221; button_border_width__hover_enabled=&#8221;off&#8221; button_one_border_width__hover_enabled=&#8221;off&#8221; button_two_border_width__hover_enabled=&#8221;off&#8221; button_border_color__hover_enabled=&#8221;off&#8221; button_one_border_color__hover_enabled=&#8221;off&#8221; button_two_border_color__hover_enabled=&#8221;off&#8221; button_border_radius__hover_enabled=&#8221;off&#8221; button_one_border_radius__hover_enabled=&#8221;off&#8221; button_two_border_radius__hover_enabled=&#8221;off&#8221; button_letter_spacing__hover_enabled=&#8221;off&#8221; button_one_letter_spacing__hover_enabled=&#8221;off&#8221; button_two_letter_spacing__hover_enabled=&#8221;off&#8221; button_bg_color__hover_enabled=&#8221;off&#8221; button_one_bg_color__hover_enabled=&#8221;off&#8221; button_two_bg_color__hover_enabled=&#8221;off&#8221;][\/et_pb_contact_field][et_pb_contact_field field_id=&#8221;SDT&#8221; field_title=&#8221;S\u1ed1 \u0111i\u1ec7n tho\u1ea1i&#8221; _builder_version=&#8221;4.0.9&#8243;][\/et_pb_contact_field][et_pb_contact_field field_id=&#8221;Email&#8221; field_title=&#8221;Email Address&#8221; field_type=&#8221;email&#8221; _builder_version=&#8221;3.16&#8243; button_text_size__hover_enabled=&#8221;off&#8221; button_one_text_size__hover_enabled=&#8221;off&#8221; button_two_text_size__hover_enabled=&#8221;off&#8221; button_text_color__hover_enabled=&#8221;off&#8221; button_one_text_color__hover_enabled=&#8221;off&#8221; button_two_text_color__hover_enabled=&#8221;off&#8221; button_border_width__hover_enabled=&#8221;off&#8221; button_one_border_width__hover_enabled=&#8221;off&#8221; button_two_border_width__hover_enabled=&#8221;off&#8221; button_border_color__hover_enabled=&#8221;off&#8221; button_one_border_color__hover_enabled=&#8221;off&#8221; button_two_border_color__hover_enabled=&#8221;off&#8221; button_border_radius__hover_enabled=&#8221;off&#8221; button_one_border_radius__hover_enabled=&#8221;off&#8221; button_two_border_radius__hover_enabled=&#8221;off&#8221; button_letter_spacing__hover_enabled=&#8221;off&#8221; button_one_letter_spacing__hover_enabled=&#8221;off&#8221; button_two_letter_spacing__hover_enabled=&#8221;off&#8221; button_bg_color__hover_enabled=&#8221;off&#8221; button_one_bg_color__hover_enabled=&#8221;off&#8221; button_two_bg_color__hover_enabled=&#8221;off&#8221;][\/et_pb_contact_field][et_pb_contact_field field_id=&#8221;Company&#8221; field_title=&#8221;C\u00f4ng ty&#8221; _builder_version=&#8221;4.0.9&#8243;][\/et_pb_contact_field][\/et_pb_contact_form][\/et_pb_column][\/et_pb_row][\/et_pb_section]<\/p>\n","protected":false},"excerpt":{"rendered":"<p>[et_pb_section fb_built=&#8221;1&#8243; fullwidth=&#8221;on&#8221; admin_label=&#8221;Hero Section&#8221; _builder_version=&#8221;4.0.9&#8243; background_image=&#8221;http:\/\/itan.vn\/wp-content\/uploads\/2020\/08\/job_recruitement_14.jpg&#8221; parallax=&#8221;on&#8221; custom_padding=&#8221;|||&#8221; filter_hue_rotate=&#8221;300deg&#8221;][et_pb_fullwidth_header title=&#8221;C\u1eadp nh\u1eadt tin t\u1ee9c th\u01b0\u1eddng xuy\u00ean&#8221; subhead=&#8221;N\u00e2ng t\u1ea7m chuy\u00ean m\u00f4n, hi\u1ec7u qu\u1ea3 doanh nghi\u1ec7p&#8221; button_one_text=&#8221;Subscribe&#8221; content_max_width=&#8221;900px&#8221; _builder_version=&#8221;4.0.9&#8243; title_font=&#8221;Roboto|600|||||||&#8221; title_font_size=&#8221;18px&#8221; title_letter_spacing=&#8221;4px&#8221; title_line_height=&#8221;1.8em&#8221; content_font=&#8221;||||||||&#8221; subhead_font=&#8221;Roboto|700|||||||&#8221; subhead_font_size=&#8221;36px&#8221; subhead_line_height=&#8221;1.4em&#8221; background_color=&#8221;rgba(126,190,197,0)&#8221; use_background_color_gradient=&#8221;on&#8221; background_color_gradient_start=&#8221;#000dff&#8221; background_color_gradient_end=&#8221;rgba(0,13,255,0.7)&#8221; background_color_gradient_direction=&#8221;90deg&#8221; background_color_gradient_start_position=&#8221;25%&#8221; background_color_gradient_end_position=&#8221;75%&#8221; background_color_gradient_overlays_image=&#8221;on&#8221; custom_button_one=&#8221;on&#8221; button_one_text_size=&#8221;14px&#8221; button_one_bg_color=&#8221;#29cb8b&#8221; button_one_border_width=&#8221;12px&#8221; button_one_border_color=&#8221;#29cb8b&#8221; button_one_letter_spacing=&#8221;2px&#8221; button_one_font=&#8221;Poppins|600||on|||||&#8221; button_one_icon=&#8221;%%3%%&#8221; custom_button_two=&#8221;on&#8221; button_two_text_size=&#8221;14px&#8221; button_two_text_color=&#8221;#29cb8b&#8221; button_two_bg_color=&#8221;#ffffff&#8221; [&hellip;]<\/p>\n","protected":false},"author":1,"featured_media":0,"parent":0,"menu_order":0,"comment_status":"closed","ping_status":"closed","template":"","meta":{"footnotes":""},"class_list":["post-194","page","type-page","status-publish","hentry"],"_links":{"self":[{"href":"http:\/\/itan.vn\/index.php\/wp-json\/wp\/v2\/pages\/194","targetHints":{"allow":["GET"]}}],"collection":[{"href":"http:\/\/itan.vn\/index.php\/wp-json\/wp\/v2\/pages"}],"about":[{"href":"http:\/\/itan.vn\/index.php\/wp-json\/wp\/v2\/types\/page"}],"author":[{"embeddable":true,"href":"http:\/\/itan.vn\/index.php\/wp-json\/wp\/v2\/users\/1"}],"replies":[{"embeddable":true,"href":"http:\/\/itan.vn\/index.php\/wp-json\/wp\/v2\/comments?post=194"}],"version-history":[{"count":0,"href":"http:\/\/itan.vn\/index.php\/wp-json\/wp\/v2\/pages\/194\/revisions"}],"wp:attachment":[{"href":"http:\/\/itan.vn\/index.php\/wp-json\/wp\/v2\/media?parent=194"}],"curies":[{"name":"wp","href":"https:\/\/api.w.org\/{rel}","templated":true}]}}