{"id":21,"date":"2019-12-26T11:37:23","date_gmt":"2019-12-26T11:37:23","guid":{"rendered":"http:\/\/itan.vn\/?page_id=21"},"modified":"2019-12-26T11:37:23","modified_gmt":"2019-12-26T11:37:23","slug":"home-2","status":"publish","type":"page","link":"https:\/\/itan.vn\/index.php\/home-2\/","title":{"rendered":"Home"},"content":{"rendered":"<p>[et_pb_section fb_built=&#8221;1&#8243; fullwidth=&#8221;on&#8221; _builder_version=&#8221;4.0.9&#8243;][et_pb_fullwidth_slider _builder_version=&#8221;4.0.9&#8243; animation_style=&#8221;slide&#8221; auto=&#8221;on&#8221; auto_speed=&#8221;5000&#8243; link_option_url=&#8221;https:\/\/www.facebook.com\/groups\/ITAdvisoryNetwork&#8221;][et_pb_slide heading=&#8221;ITAN YEP 2020&#8243; button_text=&#8221;\u0110\u0103ng k\u00fd tham gia&#8221; button_link=&#8221;http:\/\/itan.vn\/index.php\/477-2\/&#8221; image=&#8221;http:\/\/itan.vn\/wp-content\/uploads\/2021\/01\/HAPPYNEWYEAR_ITDAY202_1200X630_1401-01-scaled.jpg&#8221; _builder_version=&#8221;4.0.9&#8243; header_font=&#8221;|700|||||||&#8221; background_image=&#8221;http:\/\/itan.vn\/wp-content\/uploads\/2020\/11\/4127298-scaled.jpg&#8221; background_enable_image=&#8221;on&#8221;]<\/p>\n<p>Tham gia giao l\u01b0u g\u1eb7p g\u1ee1 v\u00e0 g\u1eafn k\u1ebft c\u00f9ng c\u00e1c nh\u00e0 qu\u1ea3n l\u00fd CNTT t\u1ea1i ti\u1ec7c t\u1ea5t ni\u00ean ITAN 2020 v\u00e0o l\u00fac 18 ng\u00e0y 16\/01\/2021 t\u1ea1i Nh\u00e0 h\u00e0ng Th\u1edbt &#8211; 103A Ph\u1ea1m Ng\u0169 L\u00e3o, Q1, TP.HCM<\/p>\n<p>[\/et_pb_slide][et_pb_slide heading=&#8221;IT ADVISORY NETWORK&#8221; button_text=&#8221;THAM GIA&#8221; button_link=&#8221;https:\/\/www.facebook.com\/groups\/ITAdvisoryNetwork&#8221; image=&#8221;http:\/\/itan.vn\/wp-content\/uploads\/2020\/08\/itan.jpg&#8221; _builder_version=&#8221;4.0.9&#8243; background_image=&#8221;http:\/\/itan.vn\/wp-content\/uploads\/2020\/11\/4127298-scaled.jpg&#8221; background_enable_image=&#8221;on&#8221;]M\u1ea1ng l\u01b0\u1edbi chuy\u00ean gia tham v\u1ea5n CNTT.<br \/>\nK\u1ebft n\u1ed1i &#8211; Giao L\u01b0u &#8211; Chia s\u1ebb &#8211; N\u00e2ng t\u1ea7m \u1ee9ng d\u1ee5ng CNTT trong doanh nghi\u1ec7p.<br \/>\nT\u00ecm ki\u1ebfm gi\u1ea3i ph\u00e1p, nh\u00e0 cung c\u1ea5p ch\u1ea5t l\u01b0\u1ee3ng, uy t\u00edn, hi\u1ec7u qu\u1ea3.<br \/>\nC\u1ed1 v\u1ea5n chi\u1ebfn l\u01b0\u1ee3c CNTT.[\/et_pb_slide][\/et_pb_fullwidth_slider][\/et_pb_section][et_pb_section fb_built=&#8221;1&#8243; fullwidth=&#8221;on&#8221; _builder_version=&#8221;4.0.9&#8243;][et_pb_fullwidth_header title=&#8221;Gi\u1edbi thi\u1ec7u ITAN&#8221; _builder_version=&#8221;4.0.9&#8243; title_font=&#8221;|800|||||||&#8221; title_text_align=&#8221;center&#8221; title_text_color=&#8221;#0c71c3&#8243; background_color=&#8221;#f4f2f2&#8243; background_layout=&#8221;light&#8221; custom_padding=&#8221;20px||16px|||&#8221; text_shadow_style=&#8221;preset3&#8243; text_shadow_color=&#8221;#0c71c3&#8243;][\/et_pb_fullwidth_header][\/et_pb_section][et_pb_section fb_built=&#8221;1&#8243; _builder_version=&#8221;4.0.9&#8243; custom_padding=&#8221;||0px|||&#8221;][et_pb_row column_structure=&#8221;1_2,1_6,1_6,1_6&#8243; _builder_version=&#8221;4.0.9&#8243;][et_pb_column type=&#8221;1_2&#8243; _builder_version=&#8221;4.0.9&#8243;][et_pb_image src=&#8221;http:\/\/itan.vn\/wp-content\/uploads\/2019\/12\/about.png&#8221; _builder_version=&#8221;4.0.9&#8243;][\/et_pb_image][\/et_pb_column][et_pb_column type=&#8221;1_6&#8243; _builder_version=&#8221;4.0.9&#8243;][et_pb_blurb title=&#8221;T\u1ea7m nh\u00ecn&#8221; use_icon=&#8221;on&#8221; font_icon=&#8221;%%165%%&#8221; icon_color=&#8221;#0c71c3&#8243; use_icon_font_size=&#8221;on&#8221; icon_font_size=&#8221;60px&#8221; _builder_version=&#8221;4.0.9&#8243; header_font=&#8221;|800|||||||&#8221; header_text_align=&#8221;center&#8221; header_text_color=&#8221;#0c71c3&#8243;]<\/p>\n<p><span>D\u1eabn \u0111\u1ea7u v\u1ec1 m\u1ea1ng l\u01b0\u1edbi k\u1ebft n\u1ed1i Doanh nghi\u1ec7p &amp; Chuy\u00ean gia c\u00f4ng ngh\u1ec7 th\u00f4ng tin.<\/span><\/p>\n<p>[\/et_pb_blurb][\/et_pb_column][et_pb_column type=&#8221;1_6&#8243; _builder_version=&#8221;4.0.9&#8243;][et_pb_blurb title=&#8221;S\u1ee9 m\u1ec7nh&#8221; use_icon=&#8221;on&#8221; font_icon=&#8221;%%166%%&#8221; icon_color=&#8221;#0c71c3&#8243; use_icon_font_size=&#8221;on&#8221; icon_font_size=&#8221;60px&#8221; _builder_version=&#8221;4.0.9&#8243; header_font=&#8221;|800|||||||&#8221; header_text_align=&#8221;center&#8221; header_text_color=&#8221;#0c71c3&#8243;]<\/p>\n<p><span>T\u1ea1o gi\u00e1 tr\u1ecb c\u00f4ng ngh\u1ec7 &amp; d\u1ecbch v\u1ee5 CNTT cho doanh nghi\u1ec7p \u1ee9ng d\u1ee5ng.<\/span><\/p>\n<p>[\/et_pb_blurb][\/et_pb_column][et_pb_column type=&#8221;1_6&#8243; _builder_version=&#8221;4.0.9&#8243;][et_pb_blurb title=&#8221;Gi\u00e1 tr\u1ecb c\u1ed1t l\u00f5i&#8221; use_icon=&#8221;on&#8221; font_icon=&#8221;%%176%%&#8221; icon_color=&#8221;#0c71c3&#8243; use_icon_font_size=&#8221;on&#8221; icon_font_size=&#8221;60px&#8221; _builder_version=&#8221;4.0.9&#8243; header_level=&#8221;h5&#8243; header_font=&#8221;|800|||||||&#8221; header_text_align=&#8221;center&#8221; header_text_color=&#8221;#0c71c3&#8243;]<\/p>\n<p>Lu\u00f4n d\u1ef1a tr\u00ean tinh th\u1ea7n <strong>Ch\u1ee7 \u0111\u1ed9ng, H\u1ee3p t\u00e1c, Chia s\u1ebb, T\u1eadn t\u00e2m<\/strong> mang \u0111\u1ebfn s\u1ef1 <strong>H\u00e0i l\u00f2ng<\/strong> cho c\u00e1c b\u00ean li\u00ean quan.<\/p>\n<p>&nbsp;<\/p>\n<p>[\/et_pb_blurb][\/et_pb_column][\/et_pb_row][\/et_pb_section][et_pb_section fb_built=&#8221;1&#8243; fullwidth=&#8221;on&#8221; _builder_version=&#8221;4.0.9&#8243;][et_pb_fullwidth_header title=&#8221;C\u00e1c ho\u1ea1t \u0111\u1ed9ng ITAN&#8221; _builder_version=&#8221;4.0.9&#8243; title_font=&#8221;|800|||||||&#8221; title_text_align=&#8221;center&#8221; title_text_color=&#8221;#0c71c3&#8243; background_color=&#8221;#f4f2f2&#8243; background_layout=&#8221;light&#8221; custom_padding=&#8221;20px||16px|||&#8221; text_shadow_style=&#8221;preset3&#8243; text_shadow_color=&#8221;#0c71c3&#8243;][\/et_pb_fullwidth_header][\/et_pb_section][et_pb_section fb_built=&#8221;1&#8243; _builder_version=&#8221;4.0.9&#8243; min_height=&#8221;334px&#8221; custom_padding=&#8221;0px||5px|||&#8221;][et_pb_row column_structure=&#8221;1_4,1_4,1_4,1_4&#8243; _builder_version=&#8221;4.0.9&#8243; min_height=&#8221;244px&#8221; custom_padding=&#8221;||0px|||&#8221;][et_pb_column type=&#8221;1_4&#8243; _builder_version=&#8221;4.0.9&#8243;][et_pb_blurb title=&#8221;Trao \u0111\u1ed5i online&#8221; use_icon=&#8221;on&#8221; font_icon=&#8221;%%86%%&#8221; icon_color=&#8221;#0c71c3&#8243; use_circle=&#8221;on&#8221; circle_color=&#8221;#ffffff&#8221; use_circle_border=&#8221;on&#8221; circle_border_color=&#8221;#0c71c3&#8243; _builder_version=&#8221;4.0.9&#8243; header_level=&#8221;h3&#8243; header_font=&#8221;|800|||||||&#8221; text_orientation=&#8221;center&#8221;][\/et_pb_blurb][\/et_pb_column][et_pb_column type=&#8221;1_4&#8243; _builder_version=&#8221;4.0.9&#8243;][et_pb_blurb title=&#8221;Coffee Sharing&#8221; use_icon=&#8221;on&#8221; font_icon=&#8221;%%154%%&#8221; icon_color=&#8221;#0c71c3&#8243; use_circle=&#8221;on&#8221; circle_color=&#8221;#ffffff&#8221; use_circle_border=&#8221;on&#8221; circle_border_color=&#8221;#0c71c3&#8243; _builder_version=&#8221;4.0.9&#8243; header_level=&#8221;h3&#8243; header_font=&#8221;|800|||||||&#8221; text_orientation=&#8221;center&#8221;][\/et_pb_blurb][\/et_pb_column][et_pb_column type=&#8221;1_4&#8243; _builder_version=&#8221;4.0.9&#8243;][et_pb_blurb title=&#8221;Training\/Coaching&#8221; use_icon=&#8221;on&#8221; font_icon=&#8221;%%158%%&#8221; icon_color=&#8221;#0c71c3&#8243; use_circle=&#8221;on&#8221; circle_color=&#8221;#ffffff&#8221; use_circle_border=&#8221;on&#8221; circle_border_color=&#8221;#0c71c3&#8243; _builder_version=&#8221;4.0.9&#8243; header_level=&#8221;h3&#8243; header_font=&#8221;|800|||||||&#8221; text_orientation=&#8221;center&#8221;][\/et_pb_blurb][\/et_pb_column][et_pb_column type=&#8221;1_4&#8243; _builder_version=&#8221;4.0.9&#8243;][et_pb_blurb title=&#8221;Advisory&#8221; use_icon=&#8221;on&#8221; font_icon=&#8221;%%149%%&#8221; icon_color=&#8221;#0c71c3&#8243; use_circle=&#8221;on&#8221; circle_color=&#8221;#ffffff&#8221; use_circle_border=&#8221;on&#8221; circle_border_color=&#8221;#0c71c3&#8243; _builder_version=&#8221;4.0.9&#8243; header_level=&#8221;h3&#8243; header_font=&#8221;|800|||||||&#8221; text_orientation=&#8221;center&#8221;][\/et_pb_blurb][\/et_pb_column][\/et_pb_row][et_pb_row column_structure=&#8221;1_3,1_3,1_3&#8243; _builder_version=&#8221;4.0.9&#8243;][et_pb_column type=&#8221;1_3&#8243; _builder_version=&#8221;4.0.9&#8243;][et_pb_image src=&#8221;http:\/\/itan.vn\/wp-content\/uploads\/2019\/12\/00595961-446B-49F1-843C-A0187254593F-60566-00001A910CF6D241.jpg&#8221; _builder_version=&#8221;4.0.9&#8243;][\/et_pb_image][\/et_pb_column][et_pb_column type=&#8221;1_3&#8243; _builder_version=&#8221;4.0.9&#8243;][et_pb_image src=&#8221;http:\/\/itan.vn\/wp-content\/uploads\/2019\/12\/ERP-HCM-88.jpg&#8221; _builder_version=&#8221;4.0.9&#8243;][\/et_pb_image][\/et_pb_column][et_pb_column type=&#8221;1_3&#8243; _builder_version=&#8221;4.0.9&#8243;][et_pb_image src=&#8221;http:\/\/itan.vn\/wp-content\/uploads\/2019\/12\/F44C1128-35B6-41D9-8043-0B62E51394BF-7968-000006077A2B9A4D.jpg&#8221; _builder_version=&#8221;4.0.9&#8243;][\/et_pb_image][\/et_pb_column][\/et_pb_row][et_pb_row column_structure=&#8221;1_3,1_3,1_3&#8243; _builder_version=&#8221;4.0.9&#8243;][et_pb_column type=&#8221;1_3&#8243; _builder_version=&#8221;4.0.9&#8243;][et_pb_image src=&#8221;http:\/\/itan.vn\/wp-content\/uploads\/2019\/12\/7A0269A7-E635-4DF5-83CE-0CA2868DD119-8194-0000061247484ADC.jpg&#8221; _builder_version=&#8221;4.0.9&#8243;][\/et_pb_image][\/et_pb_column][et_pb_column type=&#8221;1_3&#8243; _builder_version=&#8221;4.0.9&#8243;][et_pb_image src=&#8221;http:\/\/itan.vn\/wp-content\/uploads\/2019\/12\/ERP-HN-18.jpg&#8221; _builder_version=&#8221;4.0.9&#8243;][\/et_pb_image][\/et_pb_column][et_pb_column type=&#8221;1_3&#8243; _builder_version=&#8221;4.0.9&#8243;][et_pb_image src=&#8221;http:\/\/itan.vn\/wp-content\/uploads\/2019\/12\/IT-Finance-31.jpg&#8221; _builder_version=&#8221;4.0.9&#8243;][\/et_pb_image][\/et_pb_column][\/et_pb_row][\/et_pb_section][et_pb_section fb_built=&#8221;1&#8243; fullwidth=&#8221;on&#8221; _builder_version=&#8221;4.0.9&#8243;][et_pb_fullwidth_header title=&#8221;C\u00e1c di\u1ec5n gi\u1ea3 &#038; tham v\u1ea5n&#8221; _builder_version=&#8221;4.0.9&#8243; title_font=&#8221;|800|||||||&#8221; title_text_align=&#8221;center&#8221; title_text_color=&#8221;#0c71c3&#8243; background_color=&#8221;#f4f2f2&#8243; background_layout=&#8221;light&#8221; custom_padding=&#8221;20px||16px|||&#8221; text_shadow_style=&#8221;preset3&#8243; text_shadow_color=&#8221;#0c71c3&#8243;][\/et_pb_fullwidth_header][\/et_pb_section][et_pb_section fb_built=&#8221;1&#8243; _builder_version=&#8221;4.0.9&#8243;][et_pb_row column_structure=&#8221;1_4,1_4,1_4,1_4&#8243; _builder_version=&#8221;4.0.9&#8243;][et_pb_column type=&#8221;1_4&#8243; _builder_version=&#8221;4.0.9&#8243;][et_pb_team_member name=&#8221;Nguy\u1ec5n H\u1ea1nh Trang&#8221; position=&#8221;Former Financial controller &#8211; Trung Nguy\u00ean Franchising&#8221; image_url=&#8221;http:\/\/itan.vn\/wp-content\/uploads\/2019\/12\/Nguyen-Hanh-Trang.png&#8221; _builder_version=&#8221;4.0.9&#8243;][\/et_pb_team_member][\/et_pb_column][et_pb_column type=&#8221;1_4&#8243; _builder_version=&#8221;4.0.9&#8243;][et_pb_team_member name=&#8221;Ph\u00ed Anh Tu\u1ea5n&#8221; position=&#8221;CEO PAT Consulting&#8221; image_url=&#8221;http:\/\/itan.vn\/wp-content\/uploads\/2019\/12\/PAT.png&#8221; _builder_version=&#8221;4.0.9&#8243;][\/et_pb_team_member][\/et_pb_column][et_pb_column type=&#8221;1_4&#8243; _builder_version=&#8221;4.0.9&#8243;][et_pb_team_member name=&#8221;Nguy\u1ec5n T\u1ea5n Tri\u1ec1u&#8221; position=&#8221;Founder BigdataVietNam.Org&#8221; image_url=&#8221;http:\/\/itan.vn\/wp-content\/uploads\/2019\/12\/Nguyen-Tan-Trieu.png&#8221; _builder_version=&#8221;4.0.9&#8243;][\/et_pb_team_member][\/et_pb_column][et_pb_column type=&#8221;1_4&#8243; _builder_version=&#8221;4.0.9&#8243;][et_pb_team_member name=&#8221;Nguy\u1ec5n C\u00f4ng T\u1ea9n&#8221; position=&#8221;CEO Citek&#8221; image_url=&#8221;http:\/\/itan.vn\/wp-content\/uploads\/2019\/12\/Nguyen-Cong-Tan.png&#8221; _builder_version=&#8221;4.0.9&#8243;][\/et_pb_team_member][\/et_pb_column][\/et_pb_row][et_pb_row column_structure=&#8221;1_4,1_4,1_4,1_4&#8243; _builder_version=&#8221;4.0.9&#8243;][et_pb_column type=&#8221;1_4&#8243; _builder_version=&#8221;4.0.9&#8243;][et_pb_team_member name=&#8221;Hang Sam Nang&#8221; position=&#8221;CIO Tan Thanh Container&#8221; image_url=&#8221;http:\/\/itan.vn\/wp-content\/uploads\/2019\/12\/Hang-Sam-nang.png&#8221; _builder_version=&#8221;4.0.9&#8243;][\/et_pb_team_member][\/et_pb_column][et_pb_column type=&#8221;1_4&#8243; _builder_version=&#8221;4.0.9&#8243;][et_pb_team_member name=&#8221;Le Anh Tu\u1ea5n&#8221; position=&#8221;Director A1 DigiHub&#8221; image_url=&#8221;http:\/\/itan.vn\/wp-content\/uploads\/2019\/12\/Le-Anh-Tuan.png&#8221; _builder_version=&#8221;4.0.9&#8243;][\/et_pb_team_member][\/et_pb_column][et_pb_column type=&#8221;1_4&#8243; _builder_version=&#8221;4.0.9&#8243;][et_pb_team_member name=&#8221;Jack Nguy\u1ec5n&#8221; position=&#8221;Regional Managing Director of Vietnam, Thailand &#038; Taiwan &#8211; Insider &#8221; image_url=&#8221;http:\/\/itan.vn\/wp-content\/uploads\/2019\/12\/Jack-Nguy\u1ec5n.png&#8221; _builder_version=&#8221;4.0.9&#8243;][\/et_pb_team_member][\/et_pb_column][et_pb_column type=&#8221;1_4&#8243; _builder_version=&#8221;4.0.9&#8243;][et_pb_team_member name=&#8221;L\u01b0\u01a1ng Th\u00e0nh Trung&#8221; position=&#8221; IT Director SCC Vi\u1ec7t Nam&#8221; image_url=&#8221;http:\/\/itan.vn\/wp-content\/uploads\/2019\/12\/Luong-Thanh-Trung.png&#8221; _builder_version=&#8221;4.0.9&#8243;][\/et_pb_team_member][\/et_pb_column][\/et_pb_row][\/et_pb_section][et_pb_section fb_built=&#8221;1&#8243; fullwidth=&#8221;on&#8221; _builder_version=&#8221;4.0.9&#8243;][et_pb_fullwidth_header title=&#8221;Tin t\u1ee9c&#8221; _builder_version=&#8221;4.0.9&#8243; title_font=&#8221;|800|||||||&#8221; title_text_align=&#8221;center&#8221; title_text_color=&#8221;#0c71c3&#8243; background_color=&#8221;#f4f2f2&#8243; background_layout=&#8221;light&#8221; custom_padding=&#8221;20px||16px|||&#8221; text_shadow_style=&#8221;preset3&#8243; text_shadow_color=&#8221;#0c71c3&#8243;][\/et_pb_fullwidth_header][\/et_pb_section][et_pb_section fb_built=&#8221;1&#8243; _builder_version=&#8221;4.0.9&#8243;][et_pb_row column_structure=&#8221;1_5,1_5,1_5,1_5,1_5&#8243; _builder_version=&#8221;4.0.9&#8243;][et_pb_column type=&#8221;1_5&#8243; _builder_version=&#8221;4.0.9&#8243;][et_pb_blog posts_number=&#8221;1&#8243; include_categories=&#8221;3&#8243; excerpt_length=&#8221;150&#8243; _builder_version=&#8221;4.0.9&#8243;][\/et_pb_blog][\/et_pb_column][et_pb_column type=&#8221;1_5&#8243; _builder_version=&#8221;4.0.9&#8243;][et_pb_blog posts_number=&#8221;1&#8243; include_categories=&#8221;4&#8243; excerpt_length=&#8221;100&#8243; _builder_version=&#8221;4.0.9&#8243;][\/et_pb_blog][\/et_pb_column][et_pb_column type=&#8221;1_5&#8243; _builder_version=&#8221;4.0.9&#8243;][et_pb_blog posts_number=&#8221;1&#8243; include_categories=&#8221;6&#8243; excerpt_length=&#8221;100&#8243; _builder_version=&#8221;4.0.9&#8243;][\/et_pb_blog][\/et_pb_column][et_pb_column type=&#8221;1_5&#8243; _builder_version=&#8221;4.0.9&#8243;][et_pb_blog posts_number=&#8221;1&#8243; include_categories=&#8221;9&#8243; excerpt_length=&#8221;100&#8243; offset_number=&#8221;1&#8243; _builder_version=&#8221;4.0.9&#8243;][\/et_pb_blog][\/et_pb_column][et_pb_column type=&#8221;1_5&#8243; _builder_version=&#8221;4.0.9&#8243;][et_pb_blog posts_number=&#8221;1&#8243; include_categories=&#8221;12&#8243; excerpt_length=&#8221;100&#8243; _builder_version=&#8221;4.0.9&#8243;][\/et_pb_blog][\/et_pb_column][\/et_pb_row][\/et_pb_section][et_pb_section fb_built=&#8221;1&#8243; fullwidth=&#8221;on&#8221; _builder_version=&#8221;4.0.9&#8243;][et_pb_fullwidth_header title=&#8221;Li\u00ean h\u1ec7 0906 b\u1ea3y s\u00e1u s\u00e1u n\u0103m t\u00e1m t\u00e1m&#8221; _builder_version=&#8221;4.0.9&#8243; title_font=&#8221;|800|||||||&#8221; title_text_align=&#8221;center&#8221; title_text_color=&#8221;#0c71c3&#8243; background_color=&#8221;#f4f2f2&#8243; background_layout=&#8221;light&#8221; custom_padding=&#8221;20px||16px|||&#8221; hover_enabled=&#8221;0&#8243; text_shadow_style=&#8221;preset3&#8243; text_shadow_color=&#8221;#0c71c3&#8243;][\/et_pb_fullwidth_header][\/et_pb_section][et_pb_section fb_built=&#8221;1&#8243; _builder_version=&#8221;4.0.9&#8243; custom_padding=&#8221;4px||14px|||&#8221;][\/et_pb_section]<\/p>\n","protected":false},"excerpt":{"rendered":"<p>[et_pb_section fb_built=&#8221;1&#8243; fullwidth=&#8221;on&#8221; _builder_version=&#8221;4.0.9&#8243;][et_pb_fullwidth_slider _builder_version=&#8221;4.0.9&#8243; animation_style=&#8221;slide&#8221; auto=&#8221;on&#8221; auto_speed=&#8221;5000&#8243; link_option_url=&#8221;https:\/\/www.facebook.com\/groups\/ITAdvisoryNetwork&#8221;][et_pb_slide heading=&#8221;ITAN YEP 2020&#8243; button_text=&#8221;\u0110\u0103ng k\u00fd tham gia&#8221; button_link=&#8221;http:\/\/itan.vn\/index.php\/477-2\/&#8221; image=&#8221;http:\/\/itan.vn\/wp-content\/uploads\/2021\/01\/HAPPYNEWYEAR_ITDAY202_1200X630_1401-01-scaled.jpg&#8221; _builder_version=&#8221;4.0.9&#8243; header_font=&#8221;|700|||||||&#8221; background_image=&#8221;http:\/\/itan.vn\/wp-content\/uploads\/2020\/11\/4127298-scaled.jpg&#8221; background_enable_image=&#8221;on&#8221;] Tham gia giao l\u01b0u g\u1eb7p g\u1ee1 v\u00e0 g\u1eafn k\u1ebft c\u00f9ng c\u00e1c nh\u00e0 qu\u1ea3n l\u00fd CNTT t\u1ea1i ti\u1ec7c t\u1ea5t ni\u00ean ITAN 2020 v\u00e0o l\u00fac 18 ng\u00e0y 16\/01\/2021 t\u1ea1i Nh\u00e0 h\u00e0ng Th\u1edbt &#8211; 103A Ph\u1ea1m [&hellip;]<\/p>\n","protected":false},"author":1,"featured_media":0,"parent":0,"menu_order":0,"comment_status":"closed","ping_status":"closed","template":"","meta":{"footnotes":""},"class_list":["post-21","page","type-page","status-publish","hentry"],"_links":{"self":[{"href":"https:\/\/itan.vn\/index.php\/wp-json\/wp\/v2\/pages\/21","targetHints":{"allow":["GET"]}}],"collection":[{"href":"https:\/\/itan.vn\/index.php\/wp-json\/wp\/v2\/pages"}],"about":[{"href":"https:\/\/itan.vn\/index.php\/wp-json\/wp\/v2\/types\/page"}],"author":[{"embeddable":true,"href":"https:\/\/itan.vn\/index.php\/wp-json\/wp\/v2\/users\/1"}],"replies":[{"embeddable":true,"href":"https:\/\/itan.vn\/index.php\/wp-json\/wp\/v2\/comments?post=21"}],"version-history":[{"count":0,"href":"https:\/\/itan.vn\/index.php\/wp-json\/wp\/v2\/pages\/21\/revisions"}],"wp:attachment":[{"href":"https:\/\/itan.vn\/index.php\/wp-json\/wp\/v2\/media?parent=21"}],"curies":[{"name":"wp","href":"https:\/\/api.w.org\/{rel}","templated":true}]}}